{"id":11687,"date":"2017-10-17T07:28:41","date_gmt":"2017-10-17T07:28:41","guid":{"rendered":"http:\/\/gt3demo.com\/wp\/listingeasy\/?page_id=11687"},"modified":"2021-02-12T20:43:45","modified_gmt":"2021-02-12T19:43:45","slug":"home","status":"publish","type":"page","link":"https:\/\/www.bizimbolge.com\/","title":{"rendered":"Anasayfa"},"content":{"rendered":"[vc_row full_width=&#8221;stretch_row&#8221; column_bubbles=&#8221;yes&#8221; css=&#8221;.vc_custom_1522737721566{margin-top: -40px !important;background-image: url(https:\/\/livewp.site\/wp\/md\/listingeasy\/wp-content\/uploads\/sites\/4\/2017\/10\/home_01.jpg?id=11691) !important;background-position: center !important;background-repeat: no-repeat !important;background-size: cover !important;}&#8221;][vc_column][gt3_spacing height=&#8221;215px&#8221; responsive_es=&#8221;true&#8221; height_tablet=&#8221;150&#8243; height_mobile=&#8221;60&#8243;][gt3_custom_text text_color=&#8221;#ffffff&#8221; font_size=&#8221;48&#8243; line_height=&#8221;125&#8243; responsive_font=&#8221;true&#8221; font_size_mobile=&#8221;26&#8243;]\n<h1 style=\"text-align: center;\">Bug\u00fcn Bizimb\u00f6lge&#8217;de ne yapacaks\u0131n\u0131z. !<\/h1>\n[\/gt3_custom_text][gt3_custom_text text_color=&#8221;#ffffff&#8221; font_size=&#8221;18&#8243; responsive_font=&#8221;true&#8221; font_size_mobile=&#8221;14&#8243;]\n<p style=\"text-align: center;\">Bizib\u00f6lge&#8217;de sizde yer almak istiyorsaniz, sayfanizi ekleyiniz ! \u00dccretsiz!<\/p>\n[\/gt3_custom_text][gt3_spacing height=&#8221;40px&#8221; responsive_es=&#8221;true&#8221; height_mobile=&#8221;20&#8243;][gt3_listing_search_form enable_popular_searches=&#8221;&#8221; css_animation=&#8221;none&#8221;][gt3_spacing height=&#8221;210px&#8221; responsive_es=&#8221;true&#8221; height_tablet=&#8221;160&#8243; height_mobile=&#8221;100&#8243;][\/vc_column][\/vc_row][vc_row full_width=&#8221;stretch_row&#8221; css=&#8221;.vc_custom_1508335292319{background-color: #ffffff !important;}&#8221;][vc_column css=&#8221;.vc_custom_1508502007650{padding-top: 0px !important;}&#8221;][gt3_spacing height=&#8221;30px&#8221; responsive_es=&#8221;true&#8221; height_size_sm_desctop=&#8221;80&#8243;][vc_column_text css=&#8221;.vc_custom_1612645800676{margin-bottom: 0px !important;}&#8221;]\n<h2 style=\"text-align: center;\">\u00d6ne \u00e7ikan kategoriler<\/h2>\n[\/vc_column_text][gt3_spacing height=&#8221;5px&#8221;][gt3_custom_text text_color=&#8221;&#8221; font_size=&#8221;18&#8243;]\n<p style=\"text-align: center;\">Lyon b\u00f6lgesindeki en son etkinlikler, en iyi yerler, restoranlar, dernekler.<\/p>\n[\/gt3_custom_text][gt3_spacing height=&#8221;60px&#8221;][gt3_listing_categories view_type=&#8221;type_packery&#8221; number_of_items=&#8221;6&#8243; packery_layout=&#8221;pls_4_12items&#8221; categories_slug=&#8221;alisveris, restoranlar, emlak, dugun-organizasyon, otomobil, elektronik&#8221;][gt3_spacing height=&#8221;20px&#8221; responsive_es=&#8221;true&#8221; height_size_sm_desctop=&#8221;50px&#8221;][\/vc_column][\/vc_row][vc_row full_width=&#8221;stretch_row&#8221; css=&#8221;.vc_custom_1508395071581{border-top-width: 1px !important;border-bottom-width: 1px !important;background-color: #f9f9f9 !important;border-top-color: #f0f0f0 !important;border-top-style: solid !important;border-bottom-color: #f0f0f0 !important;border-bottom-style: solid !important;}&#8221;][vc_column][gt3_spacing height=&#8221;20px&#8221; responsive_es=&#8221;true&#8221; height_mobile=&#8221;40&#8243;][vc_column_text css=&#8221;.vc_custom_1612645990596{margin-bottom: 0px !important;}&#8221;]\n<h2 style=\"text-align: center;\">En son eklenenler<\/h2>\n[\/vc_column_text][gt3_spacing height=&#8221;5px&#8221; responsive_es=&#8221;true&#8221; height_mobile=&#8221;20&#8243;][gt3_custom_text text_color=&#8221;&#8221; font_size=&#8221;18&#8243;]\n<p style=\"text-align: center;\">B\u00f6lgedeki harika yerleri ke\u015ffedin. Hayal k\u0131r\u0131kl\u0131\u011f\u0131na u\u011framayacaks\u0131n\u0131z.<\/p>\n[\/gt3_custom_text][gt3_spacing height=&#8221;35px&#8221; responsive_es=&#8221;true&#8221; height_mobile=&#8221;20&#8243;][gt3_listing_grid items_per_line=&#8221;4&#8243; show_filters=&#8221;&#8221; pagination_type=&#8221;load_more&#8221; use_carousel=&#8221;yes&#8221; autoplay_carousel=&#8221;&#8221;][gt3_spacing height=&#8221;10px&#8221; responsive_es=&#8221;true&#8221; height_mobile=&#8221;0&#8243;][gt3_button button_title=&#8221;Hepisini g\u00f6r&#8221; button_alignment=&#8221;center&#8221; btn_border_radius=&#8221;30px&#8221; btn_icon_type=&#8221;font&#8221; btn_icon_fontawesome=&#8221;fa fa-angle-right&#8221; btn_icon_position=&#8221;right&#8221; link=&#8221;url:http%3A%2F%2Fwww.bizimbolge.com%2Findex.php%2Flistings-without-map%2F&#8221;][gt3_spacing height=&#8221;25px&#8221; responsive_es=&#8221;true&#8221; height_mobile=&#8221;60&#8243;][\/vc_column][\/vc_row][vc_row full_width=&#8221;stretch_row&#8221; css=&#8221;.vc_custom_1508408795713{background-color: #ffffff !important;}&#8221;][vc_column][gt3_spacing height=&#8221;25px&#8221;][vc_column_text css=&#8221;.vc_custom_1612646055535{margin-bottom: 0px !important;}&#8221;]\n<h2 style=\"text-align: center;\">Siteyi nasilmi kullanabilirsiniz ?<\/h2>\n[\/vc_column_text][gt3_spacing height=&#8221;5px&#8221;][gt3_custom_text text_color=&#8221;&#8221; font_size=&#8221;18&#8243;]\n<p style=\"text-align: center;\">Kisa zamanda sizde \u00fccretsiz olarak sitede yer alabilirsiniz<\/p>\n[\/gt3_custom_text][gt3_spacing height=&#8221;25px&#8221;][vc_row_inner][vc_column_inner width=&#8221;1\/3&#8243; css=&#8221;.vc_custom_1508409216596{padding-right: 30px !important;padding-left: 30px !important;}&#8221;][gt3_icon_box icon_type=&#8221;image&#8221; thumbnail=&#8221;11922&#8243; icon_position=&#8221;top&#8221; icon_size=&#8221;custom&#8221; custom_icon_size=&#8221;150&#8243; title_tag=&#8221;h3&#8243; iconbox_title_size=&#8221;20&#8243; title_color=&#8221;#334e6f&#8221; text_color=&#8221;#8995a2&#8243; link_color=&#8221;#28b8dc&#8221; link_hover_color=&#8221;#334e6f&#8221; new_tab=&#8221;&#8221; icon_circle=&#8221;&#8221; icon_add_number=&#8221;&#8221; heading=&#8221;Yeni yerleri gezin&#8221; text=&#8221;Arad\u0131\u011f\u0131n\u0131z\u0131 Aray\u0131n ve Bulun. En iyi yerler sizin i\u00e7in burada.&#8221; url=&#8221;http:\/\/www.bizimbolge.com\/index.php\/listings-without-map\/&#8221;][gt3_spacing height=&#8221;70px&#8221;][\/vc_column_inner][vc_column_inner width=&#8221;1\/3&#8243; css=&#8221;.vc_custom_1508411823940{padding-right: 30px !important;padding-left: 30px !important;}&#8221;][gt3_icon_box icon_type=&#8221;image&#8221; thumbnail=&#8221;11922&#8243; icon_position=&#8221;top&#8221; icon_size=&#8221;custom&#8221; custom_icon_size=&#8221;150&#8243; title_tag=&#8221;h3&#8243; iconbox_title_size=&#8221;20&#8243; title_color=&#8221;#334e6f&#8221; text_color=&#8221;#8995a2&#8243; link_color=&#8221;#28b8dc&#8221; link_hover_color=&#8221;#334e6f&#8221; new_tab=&#8221;&#8221; icon_circle=&#8221;&#8221; icon_add_number=&#8221;&#8221; heading=&#8221;Harika yerleri ke\u015ffedin&#8221; text=&#8221;Arad\u0131\u011f\u0131n\u0131z\u0131 Aray\u0131n ve Bulun. En iyi yerler sizin i\u00e7in burada.&#8221; url=&#8221;http:\/\/www.bizimbolge.com\/index.php\/listings-without-map\/&#8221;][gt3_spacing height=&#8221;70px&#8221;][\/vc_column_inner][vc_column_inner width=&#8221;1\/3&#8243; css=&#8221;.vc_custom_1508411835404{padding-right: 30px !important;padding-left: 30px !important;}&#8221;][gt3_icon_box icon_type=&#8221;image&#8221; thumbnail=&#8221;11922&#8243; icon_position=&#8221;top&#8221; icon_size=&#8221;custom&#8221; custom_icon_size=&#8221;150&#8243; title_tag=&#8221;h3&#8243; iconbox_title_size=&#8221;20&#8243; title_color=&#8221;#334e6f&#8221; text_color=&#8221;#8995a2&#8243; link_color=&#8221;#28b8dc&#8221; link_hover_color=&#8221;#334e6f&#8221; new_tab=&#8221;&#8221; icon_circle=&#8221;&#8221; icon_add_number=&#8221;&#8221; heading=&#8221;Harika yerleri ke\u015ffedin&#8221; text=&#8221;Arad\u0131\u011f\u0131n\u0131z\u0131 Aray\u0131n ve Bulun. En iyi yerler sizin i\u00e7in burada.&#8221; url=&#8221;http:\/\/www.bizimbolge.com\/index.php\/listings-without-map\/&#8221;][gt3_spacing height=&#8221;70px&#8221;][\/vc_column_inner][\/vc_row_inner][gt3_spacing height=&#8221;40px&#8221;][\/vc_column][\/vc_row][vc_row full_width=&#8221;stretch_row&#8221; css=&#8221;.vc_custom_1508412602974{background-image: url(https:\/\/livewp.site\/wp\/md\/listingeasy\/wp-content\/uploads\/sites\/4\/2017\/10\/home_02.jpg?id=11958) !important;background-position: center !important;background-repeat: no-repeat !important;background-size: cover !important;}&#8221;][vc_column][gt3_spacing height=&#8221;60px&#8221; responsive_es=&#8221;true&#8221; height_size_sm_desctop=&#8221;90&#8243; height_mobile=&#8221;70&#8243;][vc_column_text]<img class=\"size-full wp-image-11973 aligncenter\" src=\"https:\/\/livewp.site\/wp\/md\/listingeasy\/wp-content\/uploads\/sites\/4\/2017\/10\/home_1_logo.png\" alt=\"\" width=\"184\" srcset=\"https:\/\/www.bizimbolge.com\/wp-content\/uploads\/2017\/10\/home_1_logo.png 368w, https:\/\/www.bizimbolge.com\/wp-content\/uploads\/2017\/10\/home_1_logo-300x163.png 300w\" sizes=\"(max-width: 368px) 100vw, 368px\" \/>[\/vc_column_text][gt3_custom_text text_color=&#8221;#ffffff&#8221; font_size=&#8221;72&#8243; line_height=&#8221;100&#8243; responsive_font=&#8221;true&#8221; font_size_mobile=&#8221;42&#8243;]\n<h2 style=\"text-align: center;\"><span style=\"font-weight: bold;\" class=\"gt3_font-weight\">YENi KAMPANYA !<br \/>\n<\/span><\/h2>\n[\/gt3_custom_text][gt3_spacing height=&#8221;15px&#8221;][vc_row_inner][vc_column_inner width=&#8221;5\/6&#8243; offset=&#8221;vc_col-lg-offset-3 vc_col-lg-6 vc_col-md-offset-2 vc_col-md-8 vc_col-sm-offset-1&#8243;][gt3_custom_text text_color=&#8221;#ffffff&#8221; font_size=&#8221;18&#8243; line_height=&#8221;166&#8243; responsive_font=&#8221;true&#8221; font_size_mobile=&#8221;14&#8243;]\n<p style=\"text-align: center;\">Lyon Garage G\u00f6cer&#8217;de b\u00fcy\u00fck indirim ! 2 teker fiyat\u0131na 4 Pirelli makal\u0131 teker.<br \/>\n<span style=\"font-weight: bold; color: #fbaf2a;\" class=\"gt3_font-weight\">Kampanya 20 nisana kadar ge\u00e7erli.<\/span>[\/gt3_custom_text][\/vc_column_inner][\/vc_row_inner][gt3_spacing height=&#8221;60px&#8221;][gt3_button button_title=&#8221;G\u00f6z at&#8221; button_alignment=&#8221;center&#8221; btn_border_radius=&#8221;30px&#8221; btn_icon_type=&#8221;font&#8221; btn_icon_fontawesome=&#8221;fa fa-angle-right&#8221; btn_icon_position=&#8221;right&#8221; link=&#8221;url:http%3A%2F%2Fwww.bizimbolge.com%2Findex.php%2Flistings%2Fhoney-coffee%2F&#8221;][gt3_spacing height=&#8221;130px&#8221; responsive_es=&#8221;true&#8221; height_mobile=&#8221;80&#8243; height_size_sm_desctop=&#8221;100&#8243;][\/vc_column][\/vc_row][vc_row full_width=&#8221;stretch_row&#8221; css=&#8221;.vc_custom_1508420247665{background-color: #ffffff !important;}&#8221;][vc_column][gt3_spacing height=&#8221;30px&#8221; responsive_es=&#8221;true&#8221; height_tablet=&#8221;40&#8243;][vc_column_text css=&#8221;.vc_custom_1612649353929{margin-bottom: 0px !important;}&#8221;]\n<h3 style=\"text-align: center;\">\u0130pu\u00e7lar\u0131 ve makaleler<\/h3>\n[\/vc_column_text][gt3_spacing height=&#8221;5px&#8221;][gt3_custom_text text_color=&#8221;&#8221; font_size=&#8221;18&#8243;]\n<p style=\"text-align: center;\">Blogumuzdaki en son makalelere ve ipu\u00e7lar\u0131na g\u00f6z at\u0131n<\/p>\n[\/gt3_custom_text][gt3_spacing height=&#8221;75px&#8221;][gt3_featured_posts meta_author=&#8221;yes&#8221; meta_categories=&#8221;yes&#8221; image_proportions=&#8221;vertical&#8221; items_per_line=&#8221;3&#8243; content_letter_count=&#8221;0&#8243; use_carousel=&#8221;yes&#8221; build_query=&#8221;size:3|order_by:date|order:DESC|by_id:11540,6,11658&#8243;][gt3_spacing height=&#8221;20px&#8221;][gt3_button button_title=&#8221;T\u00dcM\u00dcN\u00dc G\u00d6R&#8221; button_alignment=&#8221;center&#8221; btn_border_radius=&#8221;30px&#8221; btn_icon_type=&#8221;font&#8221; btn_icon_fontawesome=&#8221;fa fa-angle-right&#8221; btn_icon_position=&#8221;right&#8221; link=&#8221;url:http%3A%2F%2Fwww.bizimbolge.com%2Findex.php%2Flistings-without-map%2F&#8221;][gt3_spacing height=&#8221;40px&#8221; responsive_es=&#8221;true&#8221; height_tablet=&#8221;60&#8243;][\/vc_column][\/vc_row][vc_row full_width=&#8221;stretch_row&#8221; css=&#8221;.vc_custom_1522678005771{margin-bottom: -40px !important;background-image: url(https:\/\/livewp.site\/wp\/md\/listingeasy\/wp-content\/uploads\/sites\/4\/2017\/10\/home_01_pattern.jpg?id=12007) !important;background-position: 0 0 !important;background-repeat: repeat !important;}&#8221;][vc_column offset=&#8221;vc_col-md-offset-1 vc_col-md-10&#8243; css=&#8221;.vc_custom_1508505536567{padding-top: 0px !important;}&#8221;][gt3_spacing height=&#8221;60px&#8221; responsive_es=&#8221;true&#8221; height_tablet=&#8221;40&#8243;][vc_row_inner content_placement=&#8221;middle&#8221;][vc_column_inner width=&#8221;2\/3&#8243;][vc_column_text css=&#8221;.vc_custom_1612649558309{margin-bottom: 0px !important;}&#8221;]\n<h3 style=\"text-align: left;\">Bize kat\u0131l\u0131n<\/h3>\n[\/vc_column_text][gt3_spacing height=&#8221;5px&#8221;][gt3_custom_text text_color=&#8221;&#8221; font_size=&#8221;18&#8243;]\n<p style=\"text-align: center;\">Pazarlaman\u0131z\u0131 b\u00fcy\u00fct\u00fcn ve i\u015finizden mutlu olun<\/p>\n[\/gt3_custom_text][\/vc_column_inner][vc_column_inner width=&#8221;1\/3&#8243; offset=&#8221;vc_hidden-xs&#8221;][gt3_spacing height=&#8221;12px&#8221;][gt3_button button_title=&#8221;\u00dcYE OLUN&#8221; button_alignment=&#8221;right&#8221; btn_border_radius=&#8221;30px&#8221; btn_icon_type=&#8221;font&#8221; btn_icon_fontawesome=&#8221;fa fa-angle-right&#8221; btn_icon_position=&#8221;right&#8221; css=&#8221;.vc_custom_1612824496711{margin-bottom: 0px !important;}&#8221; item_el_class=&#8221;lwa&#8221;][gt3_spacing height=&#8221;12px&#8221;][\/vc_column_inner][\/vc_row_inner][vc_row_inner][vc_column_inner offset=&#8221;vc_hidden-lg vc_hidden-md vc_hidden-sm&#8221;][gt3_spacing height=&#8221;20px&#8221;][gt3_button button_title=&#8221;TIKLA&#8221; button_alignment=&#8221;left&#8221; btn_border_radius=&#8221;30px&#8221; btn_icon_type=&#8221;font&#8221; btn_icon_fontawesome=&#8221;fa fa-angle-right&#8221; btn_icon_position=&#8221;right&#8221; css=&#8221;.vc_custom_1612649798633{margin-bottom: 0px !important;}&#8221; item_el_class=&#8221;lwa&#8221;][\/vc_column_inner][\/vc_row_inner][gt3_spacing height=&#8221;30px&#8221; responsive_es=&#8221;true&#8221; height_tablet=&#8221;40&#8243;][\/vc_column][\/vc_row]\n","protected":false},"excerpt":{"rendered":"<p>[vc_row full_width=&#8221;stretch_row&#8221; column_bubbles=&#8221;yes&#8221; css=&#8221;.vc_custom_1522737721566{margin-top: -40px !important;background-image: url(https:\/\/livewp.site\/wp\/md\/listingeasy\/wp-content\/uploads\/sites\/4\/2017\/10\/home_01.jpg?id=11691) !important;background-position: center !important;background-repeat: no-repeat !important;background-size: cover !important;}&#8221;][vc_column][gt3_spacing height=&#8221;215px&#8221; responsive_es=&#8221;true&#8221; height_tablet=&#8221;150&#8243; height_mobile=&#8221;60&#8243;][gt3_custom_text text_color=&#8221;#ffffff&#8221; font_size=&#8221;48&#8243; line_height=&#8221;125&#8243; responsive_font=&#8221;true&#8221; font_size_mobile=&#8221;26&#8243;] Bug\u00fcn Bizimb\u00f6lge&#8217;de ne yapacaks\u0131n\u0131z. ! [\/gt3_custom_text][gt3_custom_text text_color=&#8221;#ffffff&#8221; font_size=&#8221;18&#8243; responsive_font=&#8221;true&#8221; font_size_mobile=&#8221;14&#8243;] Bizib\u00f6lge&#8217;de sizde yer almak istiyorsaniz, sayfanizi ekleyiniz ! \u00dccretsiz! [\/gt3_custom_text][gt3_spacing height=&#8221;40px&#8221; responsive_es=&#8221;true&#8221; height_mobile=&#8221;20&#8243;][gt3_listing_search_form enable_popular_searches=&#8221;&#8221; css_animation=&#8221;none&#8221;][gt3_spacing height=&#8221;210px&#8221; responsive_es=&#8221;true&#8221; height_tablet=&#8221;160&#8243; height_mobile=&#8221;100&#8243;][\/vc_column][\/vc_row][vc_row full_width=&#8221;stretch_row&#8221; css=&#8221;.vc_custom_1508335292319{background-color: #ffffff [&hellip;]<\/p>\n","protected":false},"author":1,"featured_media":0,"parent":0,"menu_order":0,"comment_status":"closed","ping_status":"closed","template":"","meta":{"pmpro_default_level":0},"_links":{"self":[{"href":"https:\/\/www.bizimbolge.com\/index.php\/wp-json\/wp\/v2\/pages\/11687"}],"collection":[{"href":"https:\/\/www.bizimbolge.com\/index.php\/wp-json\/wp\/v2\/pages"}],"about":[{"href":"https:\/\/www.bizimbolge.com\/index.php\/wp-json\/wp\/v2\/types\/page"}],"author":[{"embeddable":true,"href":"https:\/\/www.bizimbolge.com\/index.php\/wp-json\/wp\/v2\/users\/1"}],"replies":[{"embeddable":true,"href":"https:\/\/www.bizimbolge.com\/index.php\/wp-json\/wp\/v2\/comments?post=11687"}],"version-history":[{"count":37,"href":"https:\/\/www.bizimbolge.com\/index.php\/wp-json\/wp\/v2\/pages\/11687\/revisions"}],"predecessor-version":[{"id":15278,"href":"https:\/\/www.bizimbolge.com\/index.php\/wp-json\/wp\/v2\/pages\/11687\/revisions\/15278"}],"wp:attachment":[{"href":"https:\/\/www.bizimbolge.com\/index.php\/wp-json\/wp\/v2\/media?parent=11687"}],"curies":[{"name":"wp","href":"https:\/\/api.w.org\/{rel}","templated":true}]}}